{"id":5,"date":"2013-03-24T19:57:06","date_gmt":"2013-03-24T19:57:06","guid":{"rendered":"http:\/\/olresultat.se\/blog\/?page_id=5"},"modified":"2019-02-18T21:08:38","modified_gmt":"2019-02-18T20:08:38","slug":"om-mig","status":"publish","type":"page","link":"https:\/\/olresultat.se\/blog\/?page_id=5","title":{"rendered":"Om oss"},"content":{"rendered":"<p>Oskar Berg, \u00e4r anst\u00e4lld p\u00e5 Region Halland och jobbar p\u00e5 avdelningen Server och Kommunikation med serverdrift. P\u00e5 fritiden jobbar jag \u00e4ven som IT-coach \u00e5t SOFT och hj\u00e4lper d\u00e5 v\u00e4rdearrangemang med deras IT-arbete b\u00e5de f\u00f6re och p\u00e5 plats.<\/p>\n<p>Erik Berg, jobbar normalt med serverdrift p\u00e5 Payex i Visby.<\/p>\n<p>Fostrade som orienterare i Garda IK under v\u00e5r uppv\u00e4xt. Efter en paus i orienterandet s\u00e5 tog vi \u00e5terigen upp orienteringen. Oskar numera i Halmstad OK och Erik numera i Garda OK. Vi brinner f\u00f6r att anv\u00e4nda teknik till allas b\u00e4sta. Helst rattar vi tekniken tillsammans! Vi har tidigare \u00e4ven jobbat ihop \u00e5t Siemens AB i Upplands V\u00e4sby i m\u00e5nga \u00e5r.<\/p>\n<p>Tillsammans har vi bland annat gjort:<\/p>\n<ul>\n<li>IT-chef och arena-IT-chef p\u00e5 O-Ringen i Halland 2012<\/li>\n<li>Sekretariat och teknik &#8211; Helg utan \u00e4lg 2012 (blev nominerat som ett av Gotlands b\u00e4sta idrottsevenemang)<\/li>\n<li>Teknikansvariga &#8211; Hallandspremi\u00e4ren 2013-2019<\/li>\n<li>Utvecklat checkenheter som ligger online mot sekretariatet<\/li>\n<li>Utvecklat en onlinekontroll\/check online-enhet f\u00f6r under 1000 kr\/st f\u00f6r SportIdent- och EMIT-utrustning, den s\u00e5 kallade ROC:en.<\/li>\n<li>Utvecklat OLresultat.exe f\u00f6r att f\u00e5 upp radiokontroller p\u00e5 resultatsk\u00e4rmar.<\/li>\n<li>Inhyrda f\u00f6r att sk\u00f6ta onlinekontroller och resultatsk\u00e4rmar p\u00e5 25-manna 2015-2017.<\/li>\n<li>Inhyrda som IT-coach f\u00f6r WOC 2016 i Lysekil.<\/li>\n<\/ul>\n\n\n<p><\/p>\n","protected":false},"excerpt":{"rendered":"<p>Oskar Berg, \u00e4r anst\u00e4lld p\u00e5 Region Halland och jobbar p\u00e5 avdelningen Server och Kommunikation med serverdrift. P\u00e5 fritiden jobbar jag \u00e4ven som IT-coach \u00e5t SOFT och hj\u00e4lper d\u00e5 v\u00e4rdearrangemang med deras IT-arbete b\u00e5de f\u00f6re och p\u00e5 plats. Erik Berg, jobbar normalt med serverdrift p\u00e5 Payex i Visby. Fostrade som orienterare i Garda IK under v\u00e5r [&hellip;]<\/p>\n","protected":false},"author":1,"featured_media":0,"parent":0,"menu_order":7,"comment_status":"open","ping_status":"open","template":"","meta":{"footnotes":""},"class_list":["post-5","page","type-page","status-publish","hentry"],"_links":{"self":[{"href":"https:\/\/olresultat.se\/blog\/index.php?rest_route=\/wp\/v2\/pages\/5","targetHints":{"allow":["GET"]}}],"collection":[{"href":"https:\/\/olresultat.se\/blog\/index.php?rest_route=\/wp\/v2\/pages"}],"about":[{"href":"https:\/\/olresultat.se\/blog\/index.php?rest_route=\/wp\/v2\/types\/page"}],"author":[{"embeddable":true,"href":"https:\/\/olresultat.se\/blog\/index.php?rest_route=\/wp\/v2\/users\/1"}],"replies":[{"embeddable":true,"href":"https:\/\/olresultat.se\/blog\/index.php?rest_route=%2Fwp%2Fv2%2Fcomments&post=5"}],"version-history":[{"count":15,"href":"https:\/\/olresultat.se\/blog\/index.php?rest_route=\/wp\/v2\/pages\/5\/revisions"}],"predecessor-version":[{"id":739,"href":"https:\/\/olresultat.se\/blog\/index.php?rest_route=\/wp\/v2\/pages\/5\/revisions\/739"}],"wp:attachment":[{"href":"https:\/\/olresultat.se\/blog\/index.php?rest_route=%2Fwp%2Fv2%2Fmedia&parent=5"}],"curies":[{"name":"wp","href":"https:\/\/api.w.org\/{rel}","templated":true}]}}