{"id":399,"date":"2014-08-26T15:41:33","date_gmt":"2014-08-26T13:41:33","guid":{"rendered":"http:\/\/olresultat.se\/blog\/?page_id=399"},"modified":"2016-01-17T22:00:04","modified_gmt":"2016-01-17T21:00:04","slug":"utilities","status":"publish","type":"page","link":"https:\/\/olresultat.se\/blog\/?page_id=399","title":{"rendered":"Utilities"},"content":{"rendered":"<p><strong>Remove SportIdent COM-ports in Windows<\/strong><\/p>\n<p>I&#8217;m tired of SportIdent only using low COM-port numbers&#8230; Here is a utility for you to remove all reserved SportIdent COM-ports in Windows. Tested on Windows 7 64-bit and Windows XP 32-bit. On Windows 7, run RemoveSPORTident_com-ports.bat by right click on it and choose &#8221;Run as administrator&#8221;. On Windows XP, only double click RemoveSPORTident_com-ports.bat.<\/p>\n<p><a title=\"RemoveSPORTident_com-ports.zip\" href=\"http:\/\/olresultat.se\/RemoveSPORTident_com-ports\/RemoveSPORTident_com-ports.zip\">RemoveSPORTident_com-ports.zip<\/a><\/p>\n<p>If you want to see your hidden com-ports in Windows 7:<br \/>\nStart-&gt;Tillbeh\u00f6r<br \/>\nH\u00f6gerklicka p\u00e5 cmd och v\u00e4lj &#8221;K\u00f6r som administrat\u00f6r&#8221;<br \/>\nSkriv sen:<br \/>\nset devmgr_show_nonpresent_devices=1<br \/>\n&#8230;och sen&#8230;<br \/>\nstart devmgmt.msc<br \/>\nG\u00e5 upp i menyn och \u00f6ppna Visa-menyn. V\u00e4lj &#8221;Visa dolda enheter&#8221;.<br \/>\n\u00d6ppna upp &#8221;Portar (COM och LPT)<br \/>\nNu ser du alla portar&#8230;<\/p>\n<p><strong>Installera OLA p\u00e5 Linux<\/strong><\/p>\n<p>Ett dokument jag skrev ihop f\u00f6r att installera Linux och OLA p\u00e5 en PC.<br \/>\n<a href=\"http:\/\/olresultat.se\/utilities\/OLA_on_Linux\/OLA_on_Linux_v2.zip\" target=\"_blank\">OLA_on_Linux_v2.zip<\/a><\/p>\n<p><strong>Backup av MySQL<\/strong><\/p>\n<p>Ett script jag skrev ihop f\u00f6r att backupa en databas i MySQL n\u00e4r jag k\u00f6r t\u00e4vlingar.<br \/>\n\u00c4ndra parametrarna i b\u00f6rjan p\u00e5 scriptet.<br \/>\n<a href=\"http:\/\/olresultat.se\/utilities\/Backup_MySQL\/Backup_MySQL.zip\" target=\"_blank\">Backup_MySQL.zip<\/a><\/p>\n","protected":false},"excerpt":{"rendered":"<p>Remove SportIdent COM-ports in Windows I&#8217;m tired of SportIdent only using low COM-port numbers&#8230; Here is a utility for you to remove all reserved SportIdent COM-ports in Windows. Tested on Windows 7 64-bit and Windows XP 32-bit. On Windows 7, run RemoveSPORTident_com-ports.bat by right click on it and choose &#8221;Run as administrator&#8221;. On Windows XP, [&hellip;]<\/p>\n","protected":false},"author":1,"featured_media":0,"parent":0,"menu_order":5,"comment_status":"open","ping_status":"closed","template":"","meta":{"footnotes":""},"class_list":["post-399","page","type-page","status-publish","hentry"],"_links":{"self":[{"href":"https:\/\/olresultat.se\/blog\/index.php?rest_route=\/wp\/v2\/pages\/399","targetHints":{"allow":["GET"]}}],"collection":[{"href":"https:\/\/olresultat.se\/blog\/index.php?rest_route=\/wp\/v2\/pages"}],"about":[{"href":"https:\/\/olresultat.se\/blog\/index.php?rest_route=\/wp\/v2\/types\/page"}],"author":[{"embeddable":true,"href":"https:\/\/olresultat.se\/blog\/index.php?rest_route=\/wp\/v2\/users\/1"}],"replies":[{"embeddable":true,"href":"https:\/\/olresultat.se\/blog\/index.php?rest_route=%2Fwp%2Fv2%2Fcomments&post=399"}],"version-history":[{"count":10,"href":"https:\/\/olresultat.se\/blog\/index.php?rest_route=\/wp\/v2\/pages\/399\/revisions"}],"predecessor-version":[{"id":591,"href":"https:\/\/olresultat.se\/blog\/index.php?rest_route=\/wp\/v2\/pages\/399\/revisions\/591"}],"wp:attachment":[{"href":"https:\/\/olresultat.se\/blog\/index.php?rest_route=%2Fwp%2Fv2%2Fmedia&parent=399"}],"curies":[{"name":"wp","href":"https:\/\/api.w.org\/{rel}","templated":true}]}}