{"id":196,"date":"2013-06-27T21:33:14","date_gmt":"2013-06-27T19:33:14","guid":{"rendered":"http:\/\/olresultat.se\/blog\/?page_id=196"},"modified":"2019-02-18T21:10:39","modified_gmt":"2019-02-18T20:10:39","slug":"olresultat-exe","status":"publish","type":"page","link":"https:\/\/olresultat.se\/blog\/?page_id=196","title":{"rendered":"OLResultat"},"content":{"rendered":"<p>OLresultat.exe \u00e4r en annan liten hobby som kompletterar lite behov jag har n\u00e4r jag arrangerar orienteringst\u00e4vlingar. Den anv\u00e4nder OLA:s databas. Funktioner:<\/p>\n<ol>\n<li>Skapa HTML-filer f\u00f6r resultat per klass. Till f\u00f6r resultatsk\u00e4rmar eller onlineresultat.<\/li>\n<li>Skapa HTML-filer f\u00f6r onlinekontroller. Till f\u00f6r resultatsk\u00e4rmar eller onlineresultat.<\/li>\n<li>Skapa HTML-filer f\u00f6r &#8221;sista till m\u00e5l&#8221; som en t\u00e4vling f\u00f6r alla l\u00f6pare. Till f\u00f6r resultatsk\u00e4rmar eller onlineresultat.<\/li>\n<li>Kan h\u00e5lla koll p\u00e5 antal kartor till direktanm\u00e4lan och enkelt l\u00e4gga till fler med ett knapptryck.<\/li>\n<li>Kan h\u00e5lla koll p\u00e5 prisutdelning.<\/li>\n<\/ol>\n<p>Vill du ladda hem och testa? Ingen garanti, s\u00e5 provk\u00f6r innan \ud83d\ude42\u00a0Alla saker funkar inte \u00e4nnu, men resultat, onlinekontrollresultet och &#8221;sista-till-m\u00e5l&#8221; ska funka. Version 1:<\/p>\n<p><a title=\"http:\/\/olresultat.se\/olresultat\/download.asp\" href=\"http:\/\/olresultat.se\/olresultat\/download.asp\" target=\"_blank\" rel=\"noopener\">http:\/\/olresultat.se\/olresultat\/download.asp<\/a><\/p>\n<p>Vill du hyra resultatsk\u00e4rmar s\u00e5 har vi 10 stycken 46&#8243; resultatsk\u00e4rmar f\u00f6r uthyrning. 4000 kr f\u00f6rsta t\u00e4vlingsdagen och 2000 kr n\u00e4stkommande t\u00e4vlingsdagar. Kontakta mig p\u00e5 oskar.berg (at) olresultat.se.<\/p>\n<p>\/\/Oskar<\/p>\n","protected":false},"excerpt":{"rendered":"<p>OLresultat.exe \u00e4r en annan liten hobby som kompletterar lite behov jag har n\u00e4r jag arrangerar orienteringst\u00e4vlingar. Den anv\u00e4nder OLA:s databas. Funktioner: Skapa HTML-filer f\u00f6r resultat per klass. Till f\u00f6r resultatsk\u00e4rmar eller onlineresultat. Skapa HTML-filer f\u00f6r onlinekontroller. Till f\u00f6r resultatsk\u00e4rmar eller onlineresultat. Skapa HTML-filer f\u00f6r &#8221;sista till m\u00e5l&#8221; som en t\u00e4vling f\u00f6r alla l\u00f6pare. Till f\u00f6r [&hellip;]<\/p>\n","protected":false},"author":1,"featured_media":0,"parent":0,"menu_order":4,"comment_status":"open","ping_status":"open","template":"","meta":{"footnotes":""},"class_list":["post-196","page","type-page","status-publish","hentry"],"_links":{"self":[{"href":"https:\/\/olresultat.se\/blog\/index.php?rest_route=\/wp\/v2\/pages\/196","targetHints":{"allow":["GET"]}}],"collection":[{"href":"https:\/\/olresultat.se\/blog\/index.php?rest_route=\/wp\/v2\/pages"}],"about":[{"href":"https:\/\/olresultat.se\/blog\/index.php?rest_route=\/wp\/v2\/types\/page"}],"author":[{"embeddable":true,"href":"https:\/\/olresultat.se\/blog\/index.php?rest_route=\/wp\/v2\/users\/1"}],"replies":[{"embeddable":true,"href":"https:\/\/olresultat.se\/blog\/index.php?rest_route=%2Fwp%2Fv2%2Fcomments&post=196"}],"version-history":[{"count":10,"href":"https:\/\/olresultat.se\/blog\/index.php?rest_route=\/wp\/v2\/pages\/196\/revisions"}],"predecessor-version":[{"id":740,"href":"https:\/\/olresultat.se\/blog\/index.php?rest_route=\/wp\/v2\/pages\/196\/revisions\/740"}],"wp:attachment":[{"href":"https:\/\/olresultat.se\/blog\/index.php?rest_route=%2Fwp%2Fv2%2Fmedia&parent=196"}],"curies":[{"name":"wp","href":"https:\/\/api.w.org\/{rel}","templated":true}]}}