{"id":152,"date":"2013-05-14T15:10:26","date_gmt":"2013-05-14T13:10:26","guid":{"rendered":"http:\/\/olresultat.se\/blog\/?page_id=152"},"modified":"2019-02-18T21:03:37","modified_gmt":"2019-02-18T20:03:37","slug":"kontakt","status":"publish","type":"page","link":"https:\/\/olresultat.se\/blog\/?page_id=152","title":{"rendered":"Kontakt"},"content":{"rendered":"<p>Om ni har n\u00e5gra fr\u00e5gor eller funderingar s\u00e5 f\u00f6rs\u00f6ker jag svara p\u00e5 mail p\u00e5 oskar.berg(at)olresultat.se. Byt ut (at) mot @&#8230;.<\/p>\n","protected":false},"excerpt":{"rendered":"<p>Om ni har n\u00e5gra fr\u00e5gor eller funderingar s\u00e5 f\u00f6rs\u00f6ker jag svara p\u00e5 mail p\u00e5 oskar.berg(at)olresultat.se. Byt ut (at) mot @&#8230;.<\/p>\n","protected":false},"author":1,"featured_media":0,"parent":0,"menu_order":6,"comment_status":"open","ping_status":"open","template":"","meta":{"footnotes":""},"class_list":["post-152","page","type-page","status-publish","hentry"],"_links":{"self":[{"href":"https:\/\/olresultat.se\/blog\/index.php?rest_route=\/wp\/v2\/pages\/152","targetHints":{"allow":["GET"]}}],"collection":[{"href":"https:\/\/olresultat.se\/blog\/index.php?rest_route=\/wp\/v2\/pages"}],"about":[{"href":"https:\/\/olresultat.se\/blog\/index.php?rest_route=\/wp\/v2\/types\/page"}],"author":[{"embeddable":true,"href":"https:\/\/olresultat.se\/blog\/index.php?rest_route=\/wp\/v2\/users\/1"}],"replies":[{"embeddable":true,"href":"https:\/\/olresultat.se\/blog\/index.php?rest_route=%2Fwp%2Fv2%2Fcomments&post=152"}],"version-history":[{"count":5,"href":"https:\/\/olresultat.se\/blog\/index.php?rest_route=\/wp\/v2\/pages\/152\/revisions"}],"predecessor-version":[{"id":737,"href":"https:\/\/olresultat.se\/blog\/index.php?rest_route=\/wp\/v2\/pages\/152\/revisions\/737"}],"wp:attachment":[{"href":"https:\/\/olresultat.se\/blog\/index.php?rest_route=%2Fwp%2Fv2%2Fmedia&parent=152"}],"curies":[{"name":"wp","href":"https:\/\/api.w.org\/{rel}","templated":true}]}}