{"id":10,"date":"2013-03-24T20:10:32","date_gmt":"2013-03-24T20:10:32","guid":{"rendered":"http:\/\/olresultat.se\/blog\/?page_id=10"},"modified":"2025-04-06T21:38:19","modified_gmt":"2025-04-06T19:38:19","slug":"download","status":"publish","type":"page","link":"https:\/\/olresultat.se\/blog\/?page_id=10","title":{"rendered":"Download ROC"},"content":{"rendered":"<p><strong>Radio Online Control<\/strong><\/p>\n<p>H\u00e5rdvaran som beh\u00f6vs \u00e4r en RaspBerry Pi (F\u00f6rkortat Rasp) och n\u00e5gon form av n\u00e4tverkskoppling eller USB-modem. Om du v\u00e4ljer att k\u00f6ra via n\u00e4tverksporten s\u00e5 \u00e4r det upp till dig att se till att d\u00e4r finns n\u00e5gon form av n\u00e4tverksuppkoppling mot internet samt att Raspen kan f\u00e5 en dynamisk IP-adress.<\/p>\n<p>Oftast s\u00e5 har man ju enheten i skogen, s\u00e5 d\u00e5 \u00e4r det ju tex 3g-modem eller varf\u00f6r inte ett Net1-modem som g\u00e4ller. Helt upp till din egen fantasi \ud83d\ude42 Vi k\u00f6r med 3G-modem direkt in i USB-porten p\u00e5 Raspen.<\/p>\n<p>Till detta beh\u00f6vs n\u00e5gon form av 5 volts batteri f\u00f6r att str\u00f6ms\u00e4tta Raspen.<\/p>\n<p>Ladda hem image f\u00f6r 4 GB-SD-kort eller st\u00f6rre:<\/p>\n<p>Senaste version : <a title=\"http:\/\/roc.olresultat.se\/\" href=\"https:\/\/roc.olresultat.se\/\">https:\/\/roc.olresultat.se\/<\/a><\/p>\n<p>Packa upp zip-filen och skriv imagen till SD-kort med hj\u00e4lp av <a title=\"Win32DiskImager\" href=\"http:\/\/sourceforge.net\/projects\/win32diskimager\/\" target=\"_blank\" rel=\"noopener noreferrer\">Win32DiskImager<\/a>. Detta kr\u00e4ver s\u00e5 klart att man har en SD-kort-l\u00e4sare till datorn.<\/p>\n<p>S\u00e4tt sen in SD-kortet i en RaspBerry Pi. S\u00e4tt i en n\u00e4tverkskabel, tex hemma p\u00e5 ditt vanliga bredband. S\u00e4tt i str\u00f6mmen. Nu kommer din Rasp att &#8221;ringa hem&#8221; till en central webserver. Sen kan du administrera din Radio Online Control p\u00e5 f\u00f6ljande adress:<\/p>\n<p><a title=\"http:\/\/roc.olresultat.se\" href=\"https:\/\/roc.olresultat.se\">https:\/\/roc.olresultat.se\/<\/a><\/p>\n<p>G\u00e5 direkt in och registrera din ROC (s\u00e5 ingen annan g\u00f6r det). Sen kan du logga in och g\u00f6ra inst\u00e4llningar d\u00e4r. Tex kan du st\u00e4lla in APN om du k\u00f6r 3G-modem. APN-inst\u00e4llningen hittar du hos din operat\u00f6r f\u00f6r 3G-modemet. S\u00e4tt ett bra namn p\u00e5 den ocks\u00e5.<\/p>\n<p>Sen drar du ur str\u00f6mmen och s\u00e4tter i igen. D\u00e5 l\u00e4ser din Rasp in sina inst\u00e4llningar. V\u00e4nta tills du ser i admingr\u00e4nssnittet att din enhet \u00e4r online och n\u00e5gon minut till. Dra str\u00f6mmen igen och s\u00e4tt i den. Sen ska du se det nya namnet p\u00e5 &#8221;Ring hem&#8221;-sidan.<\/p>\n<p>ROC:en har st\u00f6d f\u00f6r b\u00e5de seriell och USB-master s\u00e5 l\u00e4nge seriekonvertern st\u00f6ds i Linux. Testa innan! SI-mastrarna kan k\u00f6ra b\u00e5de 4800 och 38400 i hastighet fr\u00e5n och med version 3. Extended mode eller inte spelar ingen roll fr\u00e5n och med version 3, st\u00f6d f\u00f6r b\u00e5da. Programmera mastern som check, start, kontroll eller m\u00e5l samt en kodsiffra. Det \u00e4r kodsiffran du anv\u00e4nder i OLA f\u00f6r att s\u00e4rskilja funktionerna, s\u00e5 den \u00e4r viktig att den blir korrekt. Numera kan du i OLA allts\u00e5 \u00e4ven s\u00e4tta en kodsiffra p\u00e5 check!<\/p>\n<p>Vill du ha flera SI-mastrar till en ROC s\u00e5 kan du koppla in en USB-hub. Jag har testat den med upp till 4 SI-mastrar. Mastrarna beh\u00f6ver inte vara av samma sort fast de h\u00e4nger p\u00e5 samma Rasp. Det kan tex vara 2 check och en start som sitter i samma Rasp.<\/p>\n<p>I OLA st\u00e4ller du sedan in:<\/p>\n<p>Namn=Vad du vill<\/p>\n<p>Typ av koppling=Olresultat<\/p>\n<p>URL=http:\/\/roc.olresultat.se\/getpunches.asp<\/p>\n<p>Enhet=din ROC:s MAC-adress, hittar du p\u00e5 administrationsl\u00e4nken ovan.<\/p>\n<p>Fr\u00e5n datum=Fr\u00e5n det datumet du vill h\u00e4mta st\u00e4mplingar.<\/p>\n<p>Fr\u00e5n tid=Fr\u00e5n tid du vill h\u00e4mta, f\u00f6rmodligen t\u00e4vlingsstart minus n\u00e5gon timme.<\/p>\n<p>Senaste paketnummer=0 (om du inte vet vad du varf\u00f6r du skulle ha n\u00e5got annat)<\/p>\n<p>Spara<\/p>\n<p>Starta h\u00e4mtning<\/p>\n<p>Du har en egen radiokontroll f\u00f6rhoppningsvis f\u00f6r under 1000 kr!! Lycka till \u00f6nskar Oskar och Erik Berg!<\/p>\n","protected":false},"excerpt":{"rendered":"<p>Radio Online Control H\u00e5rdvaran som beh\u00f6vs \u00e4r en RaspBerry Pi (F\u00f6rkortat Rasp) och n\u00e5gon form av n\u00e4tverkskoppling eller USB-modem. Om du v\u00e4ljer att k\u00f6ra via n\u00e4tverksporten s\u00e5 \u00e4r det upp till dig att se till att d\u00e4r finns n\u00e5gon form av n\u00e4tverksuppkoppling mot internet samt att Raspen kan f\u00e5 en dynamisk IP-adress. Oftast s\u00e5 har [&hellip;]<\/p>\n","protected":false},"author":1,"featured_media":0,"parent":0,"menu_order":2,"comment_status":"open","ping_status":"open","template":"","meta":{"footnotes":""},"class_list":["post-10","page","type-page","status-publish","hentry"],"_links":{"self":[{"href":"https:\/\/olresultat.se\/blog\/index.php?rest_route=\/wp\/v2\/pages\/10","targetHints":{"allow":["GET"]}}],"collection":[{"href":"https:\/\/olresultat.se\/blog\/index.php?rest_route=\/wp\/v2\/pages"}],"about":[{"href":"https:\/\/olresultat.se\/blog\/index.php?rest_route=\/wp\/v2\/types\/page"}],"author":[{"embeddable":true,"href":"https:\/\/olresultat.se\/blog\/index.php?rest_route=\/wp\/v2\/users\/1"}],"replies":[{"embeddable":true,"href":"https:\/\/olresultat.se\/blog\/index.php?rest_route=%2Fwp%2Fv2%2Fcomments&post=10"}],"version-history":[{"count":17,"href":"https:\/\/olresultat.se\/blog\/index.php?rest_route=\/wp\/v2\/pages\/10\/revisions"}],"predecessor-version":[{"id":795,"href":"https:\/\/olresultat.se\/blog\/index.php?rest_route=\/wp\/v2\/pages\/10\/revisions\/795"}],"wp:attachment":[{"href":"https:\/\/olresultat.se\/blog\/index.php?rest_route=%2Fwp%2Fv2%2Fmedia&parent=10"}],"curies":[{"name":"wp","href":"https:\/\/api.w.org\/{rel}","templated":true}]}}